{"id":5909,"date":"2020-06-05T13:38:46","date_gmt":"2020-06-05T13:38:46","guid":{"rendered":"https:\/\/www.bluefarmenvironment.com\/cookies-policy\/"},"modified":"2020-12-15T09:57:09","modified_gmt":"2020-12-15T09:57:09","slug":"cookies-policy","status":"publish","type":"page","link":"https:\/\/www.bluefarmenvironment.com\/en\/cookies-policy\/","title":{"rendered":"Cookies policy"},"content":{"rendered":"<p>[et_pb_section fb_built=&#8221;1&#8243; admin_label=&#8221;FAQ Section&#8221; _builder_version=&#8221;4.4.8&#8243;][et_pb_row admin_label=&#8221;Text Area&#8221; _builder_version=&#8221;3.25&#8243; custom_padding=&#8221;20px|||&#8221; use_custom_width=&#8221;on&#8221;][et_pb_column type=&#8221;4_4&#8243; _builder_version=&#8221;3.25&#8243; custom_padding=&#8221;|||&#8221; custom_padding__hover=&#8221;|||&#8221;][et_pb_text admin_label=&#8221;Title&#8221; _builder_version=&#8221;3.27.4&#8243; text_font=&#8221;||||||||&#8221; header_font=&#8221;||||||||&#8221; header_2_font=&#8221;||||||||&#8221; header_2_text_align=&#8221;center&#8221; custom_margin=&#8221;||5px|&#8221; animation_style=&#8221;fold&#8221; animation_direction=&#8221;bottom&#8221; animation_intensity_fold=&#8221;20%&#8221; animation_starting_opacity=&#8221;100%&#8221; border_width_bottom=&#8221;1px&#8221; border_color_bottom=&#8221;#ededed&#8221;]<\/p>\n<h2>\u00a0Politica sui cookie<\/h2>\n<p>[\/et_pb_text][\/et_pb_column][\/et_pb_row][et_pb_row admin_label=&#8221;FAQ&#8221; _builder_version=&#8221;3.25&#8243; custom_margin=&#8221;|||&#8221; custom_padding=&#8221;|||&#8221;][et_pb_column type=&#8221;4_4&#8243; _builder_version=&#8221;3.25&#8243; custom_padding=&#8221;|||&#8221; custom_padding__hover=&#8221;|||&#8221;][et_pb_text admin_label=&#8221;FAQ&#8221; _builder_version=&#8221;4.4.8&#8243; text_font=&#8221;||||||||&#8221; header_font=&#8221;||||||||&#8221; header_2_font=&#8221;||||||||&#8221; header_3_font=&#8221;||||||||&#8221; background_color=&#8221;#f5f5f5&#8243; module_alignment=&#8221;center&#8221; custom_margin=&#8221;|||&#8221; animation_style=&#8221;fold&#8221; animation_direction=&#8221;bottom&#8221; animation_intensity_fold=&#8221;20%&#8221; animation_starting_opacity=&#8221;100%&#8221; border_width_all=&#8221;28px&#8221; border_color_all=&#8221;#f7f7f7&#8243; locked=&#8221;off&#8221;]<\/p>\n<h4>Informativa relativa alle tipologie e utilizzo dei cookie sul nostro sito.<\/h4>\n<p class=\"p1\">In questa pagina puoi trovare le informazioni necessarie sull\u2019uso dei cookie effettuato sul sito internet www.bluefarmenvironment.com e le modalit\u00e0 per identificarli e disabilitarli o cancellarli.<\/p>\n<p class=\"p1\">Questa Policy pu\u00f2 essere aggiornata in qualsiasi momento per modifica della normativa vigente o per qualsiasi cambiamento nella configurazione e tipologia dei cookie utilizzati.<\/p>\n<p>[\/et_pb_text][et_pb_text admin_label=&#8221;FAQ&#8221; _builder_version=&#8221;4.4.8&#8243; text_font=&#8221;||||||||&#8221; header_font=&#8221;||||||||&#8221; header_2_font=&#8221;||||||||&#8221; header_3_font=&#8221;||||||||&#8221; background_color=&#8221;#f5f5f5&#8243; module_alignment=&#8221;center&#8221; custom_margin=&#8221;|||&#8221; animation_style=&#8221;fold&#8221; animation_direction=&#8221;bottom&#8221; animation_intensity_fold=&#8221;20%&#8221; animation_starting_opacity=&#8221;100%&#8221; border_width_all=&#8221;28px&#8221; border_color_all=&#8221;#f7f7f7&#8243; locked=&#8221;off&#8221;]<\/p>\n<h4>Cosa sono i cookie<\/h4>\n<p>I cookie sono brevi stringhe che vengono salvate, durante la navigazione sul sito Web, sul computer, smartphone o tablet dell\u2019utente e che consentono al nostro sito di riconoscere l\u2019utente successivamente alla prima visita e quindi migliorare la sua esperienza di utilizzo.<\/p>\n<p>Il nostro sistema utilizza cookie temporanei che hanno una durata limitata alla visita e vengono eliminati alla chiusura del browser, e cookie permanenti, che rimangono memorizzati sul dispositivo anche dopo aver abbandonato il sito Web o comunque aver chiuso il browser: questi cookie permangono fino alla loro scadenza prevista o finch\u00e9 non siano eliminati manualmente dall\u2019utente.<\/p>\n<p>[\/et_pb_text][et_pb_text admin_label=&#8221;FAQ&#8221; _builder_version=&#8221;4.4.8&#8243; text_font=&#8221;||||||||&#8221; header_font=&#8221;||||||||&#8221; header_2_font=&#8221;||||||||&#8221; header_3_font=&#8221;||||||||&#8221; background_color=&#8221;#f5f5f5&#8243; module_alignment=&#8221;center&#8221; custom_margin=&#8221;|||&#8221; animation_style=&#8221;fold&#8221; animation_direction=&#8221;bottom&#8221; animation_intensity_fold=&#8221;20%&#8221; animation_starting_opacity=&#8221;100%&#8221; border_width_all=&#8221;28px&#8221; border_color_all=&#8221;#f7f7f7&#8243; locked=&#8221;off&#8221;]<\/p>\n<h4>Accettare o rifiutare i cookie \u00e8 un tuo diritto<\/h4>\n<p class=\"p1\">www.bluefarmenvironment.com utilizza i seguenti tipi di cookie:<\/p>\n<p class=\"p1\">\u2022<span class=\"Apple-tab-span\"><span>\u00a0<\/span><\/span>Cookie di sessione (o tecnici): temporanei che consentono all\u2019utente di accedere a servizi personalizzati ed a sfruttare appieno le funzionalit\u00e0 del sito.<\/p>\n<p class=\"p1\">\u2022<span class=\"Apple-tab-span\"><span>\u00a0<\/span><\/span>Cookie di analisi: sia temporanei che permanenti, permettono di raccogliere in modo aggregato informazioni relative al comportamento degli utenti sul sito e quindi migliorarne l\u2019esperienza ed i contenuti forniti. Le informazioni raccolte in questo modo non hanno valenza personale in quanto i dati sono raccolti e analizzati in forma anonima. Utilizziamo specificatamente i cookie di Google Analytics* secondo le modalit\u00e0 riportate in questa pagina [<a href=\"https:\/\/developers.google.com\/analytics\/devguides\/collection\/analyticsjs\/cookie-usage\">https:\/\/developers.google.com\/analytics\/devguides\/collection\/analyticsjs\/cookie-usage<\/a>].<\/p>\n<p class=\"p1\">\u2022<span class=\"Apple-tab-span\"><span>\u00a0<\/span><\/span>Cookie sociali: sono forniti direttamente dai domini dei social media che ospitiamo tramite link a pagine ufficiali, pulsanti di condivisione e collegamenti. L\u2019uso di tali pulsanti e funzionalit\u00e0 implica lo scambio di informazioni con tali siti, pertanto la gestione delle informazioni e le modalit\u00e0 per eliminarle \u00e8 regolamentata dagli stessi: si invita l\u2019utente a consultare le rispettive informative sulla privacy di ciascuno dei siti in oggetto.<\/p>\n<p class=\"p1\">\n<p>[\/et_pb_text][et_pb_text admin_label=&#8221;FAQ&#8221; _builder_version=&#8221;4.4.8&#8243; text_font=&#8221;||||||||&#8221; header_font=&#8221;||||||||&#8221; header_2_font=&#8221;||||||||&#8221; header_3_font=&#8221;||||||||&#8221; background_color=&#8221;#f5f5f5&#8243; module_alignment=&#8221;center&#8221; custom_margin=&#8221;|||&#8221; animation_style=&#8221;fold&#8221; animation_direction=&#8221;bottom&#8221; animation_intensity_fold=&#8221;20%&#8221; animation_starting_opacity=&#8221;100%&#8221; border_width_all=&#8221;28px&#8221; border_color_all=&#8221;#f7f7f7&#8243; locked=&#8221;off&#8221;]<\/p>\n<h4>Quali cookie utilizziamo e a quale scopo<\/h4>\n<p class=\"p1\">Navigando sul nostro sito, implicitamente acconsenti all\u2019utilizzo dei cookie suddetti. Per impostazioni predefinite i browser generalmente accettano l\u2019utilizzo dei cookie sia provenienti dal nostro sito che dai siti terzi. E\u2019 comunque possibile modificare tali impostazioni e scegliere tra l\u2019accettazione incondizionata, la visualizzazione di una finestra popup che richiede un\u2019azione esplicita da parte dell\u2019utente o il rifiuto dei cookie indistintamente.<\/p>\n<p class=\"p1\">Per gestire l\u2019uso dei cookie \u00e8 necessario modificare le impostazioni del browser tramite la relativa barra degli strumenti.<\/p>\n<p class=\"p1\">Di seguito riportiamo i link alle risorse che descrivono le modalit\u00e0 di gestione dei cookie per i browser pi\u00f9 popolari:<\/p>\n<p class=\"p1\">\u2022<span class=\"Apple-tab-span\"><span>\u00a0<\/span><\/span>Internet Explorer: gestione dei cookie [<a href=\"http:\/\/windows.microsoft.com\/it-it\/internet-explorer\/delete-manage-cookies#ie=ie-11\">http:\/\/windows.microsoft.com\/it-it\/internet-explorer\/delete-manage-cookies#ie=ie-11<\/a>]<\/p>\n<p class=\"p1\">\u2022<span class=\"Apple-tab-span\"><span>\u00a0<\/span><\/span>Mozilla Firefox: eliminare i cookie [<a href=\"https:\/\/support.mozilla.org\/it\/kb\/Eliminare%20i%20cookie?esab=a&amp;s=cookie&amp;r=5&amp;as=s\">https:\/\/support.mozilla.org\/it\/kb\/Eliminare%20i%20cookie?esab=a&amp;s=cookie&amp;r=5&amp;as=s<\/a>]; bloccare i cookie dei siti [<a href=\"https:\/\/support.mozilla.org\/it\/kb\/Bloccare%20i%20cookie?esab=a&amp;s=cookie&amp;r=0&amp;as=s\">https:\/\/support.mozilla.org\/it\/kb\/Bloccare%20i%20cookie?esab=a&amp;s=cookie&amp;r=0&amp;as=s<\/a>]<\/p>\n<p class=\"p1\">\u2022<span class=\"Apple-tab-span\"><span>\u00a0<\/span><\/span>Google Chrome: gestione dei cookie [<a href=\"https:\/\/support.mozilla.org\/it\/kb\/Bloccare%20i%20cookie?esab=a&amp;s=cookie&amp;r=0&amp;as=s\">https:\/\/support.mozilla.org\/it\/kb\/Bloccare%20i%20cookie?esab=a&amp;s=cookie&amp;r=0&amp;as=s<\/a>]<\/p>\n<p class=\"p1\">\u2022<span class=\"Apple-tab-span\"><span>\u00a0<\/span><\/span>Opera: gestione dei cookie [<a href=\"http:\/\/help.opera.com\/Windows\/12.10\/it\/cookies.html\">http:\/\/help.opera.com\/Windows\/12.10\/it\/cookies.html<\/a>]<\/p>\n<p class=\"p1\">\u2022<span class=\"Apple-tab-span\"><span>\u00a0<\/span><\/span>Safari: gestione dei cookie [<a href=\"https:\/\/support.apple.com\/it-it\/HT201265\">https:\/\/support.apple.com\/it-it\/HT201265<\/a>]<\/p>\n<p class=\"p1\">\u00c8 possibile disabilitare i cookie di Google Analytics visitando la pagina web di Google (Google GaOptOut [<a href=\"https:\/\/tools.google.com\/dlpage\/gaoptout\">https:\/\/tools.google.com\/dlpage\/gaoptout<\/a>]) e scaricando il componente aggiuntivo per il browser utilizzato.<\/p>\n<p class=\"p1\">Ricorda che devi settare le preferenze sui cookie per ogni dispositivo ed ogni browser utilizzato nella navigazione su internet.<\/p>\n<p class=\"p1\">Per consentire al sito Web di funzionare correttamente, sfruttarne le funzionalit\u00e0 e l\u2019uso nella sua completezza, consigliamo di accettare l\u2019uso dei cookie sia nostri che di terze parti.<\/p>\n<p class=\"p1\">\n<p>[\/et_pb_text][\/et_pb_column][\/et_pb_row][\/et_pb_section][et_pb_section fb_built=&#8221;1&#8243; prev_background_color=&#8221;#ffffff&#8221; admin_label=&#8221;Sponsors&#8221; _builder_version=&#8221;4.4.8&#8243; background_color=&#8221;#83b816&#8243; background_enable_image=&#8221;off&#8221; custom_padding=&#8221;2vw||2vw||true|false&#8221; top_divider_style=&#8221;waves2&#8243; top_divider_repeat=&#8221;0.5x&#8221; global_module=&#8221;361&#8243; saved_tabs=&#8221;all&#8221; locked=&#8221;off&#8221; collapsed=&#8221;off&#8221;][et_pb_row _builder_version=&#8221;4.4.8&#8243;][et_pb_column type=&#8221;4_4&#8243; _builder_version=&#8221;4.4.8&#8243;][et_pb_divider show_divider=&#8221;off&#8221; _builder_version=&#8221;4.4.8&#8243; custom_margin=&#8221;2%||2%||true|false&#8221;][\/et_pb_divider][\/et_pb_column][\/et_pb_row][\/et_pb_section]<\/p>\n","protected":false},"excerpt":{"rendered":"<p>\u00a0Politica sui cookieInformativa relativa alle tipologie e utilizzo dei cookie sul nostro sito. In questa pagina puoi trovare le informazioni necessarie sull\u2019uso dei cookie effettuato sul sito internet www.bluefarmenvironment.com e le modalit\u00e0 per identificarli e disabilitarli o cancellarli. Questa Policy pu\u00f2 essere aggiornata in qualsiasi momento per modifica della normativa vigente o per qualsiasi cambiamento [&hellip;]<\/p>\n","protected":false},"author":3,"featured_media":0,"parent":0,"menu_order":0,"comment_status":"closed","ping_status":"closed","template":"","meta":{"_et_pb_use_builder":"on","_et_pb_old_content":"","_et_gb_content_width":"","footnotes":""},"class_list":["post-5909","page","type-page","status-publish","hentry"],"yoast_head":"<!-- This site is optimized with the Yoast SEO plugin v23.4 - https:\/\/yoast.com\/wordpress\/plugins\/seo\/ -->\n<title>Cookies policy - Bluefarm<\/title>\n<meta name=\"description\" content=\"Cookies policy: informativa relativa alle tipologie e utilizzo dei cookie sul nostro sito di BlueFarm s.r.l. - Spin off SME Ca\u2019 Foscari University Venice.\" \/>\n<meta name=\"robots\" content=\"index, follow, max-snippet:-1, max-image-preview:large, max-video-preview:-1\" \/>\n<link rel=\"canonical\" href=\"https:\/\/www.bluefarmenvironment.com\/en\/cookies-policy\/\" \/>\n<meta property=\"og:locale\" content=\"en_US\" \/>\n<meta property=\"og:type\" content=\"article\" \/>\n<meta property=\"og:title\" content=\"Cookies policy - Bluefarm\" \/>\n<meta property=\"og:description\" content=\"Cookies policy: informativa relativa alle tipologie e utilizzo dei cookie sul nostro sito di BlueFarm s.r.l. - Spin off SME Ca\u2019 Foscari University Venice.\" \/>\n<meta property=\"og:url\" content=\"https:\/\/www.bluefarmenvironment.com\/en\/cookies-policy\/\" \/>\n<meta property=\"og:site_name\" content=\"Bluefarm\" \/>\n<meta property=\"article:modified_time\" content=\"2020-12-15T09:57:09+00:00\" \/>\n<meta name=\"twitter:card\" content=\"summary_large_image\" \/>\n<meta name=\"twitter:label1\" content=\"Est. reading time\" \/>\n\t<meta name=\"twitter:data1\" content=\"5 minutes\" \/>\n<script type=\"application\/ld+json\" class=\"yoast-schema-graph\">{\"@context\":\"https:\/\/schema.org\",\"@graph\":[{\"@type\":\"WebPage\",\"@id\":\"https:\/\/www.bluefarmenvironment.com\/en\/cookies-policy\/\",\"url\":\"https:\/\/www.bluefarmenvironment.com\/en\/cookies-policy\/\",\"name\":\"Cookies policy - Bluefarm\",\"isPartOf\":{\"@id\":\"https:\/\/www.bluefarmenvironment.com\/en\/#website\"},\"datePublished\":\"2020-06-05T13:38:46+00:00\",\"dateModified\":\"2020-12-15T09:57:09+00:00\",\"description\":\"Cookies policy: informativa relativa alle tipologie e utilizzo dei cookie sul nostro sito di BlueFarm s.r.l. - Spin off SME Ca\u2019 Foscari University Venice.\",\"breadcrumb\":{\"@id\":\"https:\/\/www.bluefarmenvironment.com\/en\/cookies-policy\/#breadcrumb\"},\"inLanguage\":\"en-US\",\"potentialAction\":[{\"@type\":\"ReadAction\",\"target\":[\"https:\/\/www.bluefarmenvironment.com\/en\/cookies-policy\/\"]}]},{\"@type\":\"BreadcrumbList\",\"@id\":\"https:\/\/www.bluefarmenvironment.com\/en\/cookies-policy\/#breadcrumb\",\"itemListElement\":[{\"@type\":\"ListItem\",\"position\":1,\"name\":\"Home\",\"item\":\"https:\/\/www.bluefarmenvironment.com\/en\/\"},{\"@type\":\"ListItem\",\"position\":2,\"name\":\"Cookies policy\"}]},{\"@type\":\"WebSite\",\"@id\":\"https:\/\/www.bluefarmenvironment.com\/en\/#website\",\"url\":\"https:\/\/www.bluefarmenvironment.com\/en\/\",\"name\":\"Bluefarm\",\"description\":\"Environment\",\"potentialAction\":[{\"@type\":\"SearchAction\",\"target\":{\"@type\":\"EntryPoint\",\"urlTemplate\":\"https:\/\/www.bluefarmenvironment.com\/en\/?s={search_term_string}\"},\"query-input\":{\"@type\":\"PropertyValueSpecification\",\"valueRequired\":true,\"valueName\":\"search_term_string\"}}],\"inLanguage\":\"en-US\"}]}<\/script>\n<!-- \/ Yoast SEO plugin. -->","yoast_head_json":{"title":"Cookies policy - Bluefarm","description":"Cookies policy: informativa relativa alle tipologie e utilizzo dei cookie sul nostro sito di BlueFarm s.r.l. - Spin off SME Ca\u2019 Foscari University Venice.","robots":{"index":"index","follow":"follow","max-snippet":"max-snippet:-1","max-image-preview":"max-image-preview:large","max-video-preview":"max-video-preview:-1"},"canonical":"https:\/\/www.bluefarmenvironment.com\/en\/cookies-policy\/","og_locale":"en_US","og_type":"article","og_title":"Cookies policy - Bluefarm","og_description":"Cookies policy: informativa relativa alle tipologie e utilizzo dei cookie sul nostro sito di BlueFarm s.r.l. - Spin off SME Ca\u2019 Foscari University Venice.","og_url":"https:\/\/www.bluefarmenvironment.com\/en\/cookies-policy\/","og_site_name":"Bluefarm","article_modified_time":"2020-12-15T09:57:09+00:00","twitter_card":"summary_large_image","twitter_misc":{"Est. reading time":"5 minutes"},"schema":{"@context":"https:\/\/schema.org","@graph":[{"@type":"WebPage","@id":"https:\/\/www.bluefarmenvironment.com\/en\/cookies-policy\/","url":"https:\/\/www.bluefarmenvironment.com\/en\/cookies-policy\/","name":"Cookies policy - Bluefarm","isPartOf":{"@id":"https:\/\/www.bluefarmenvironment.com\/en\/#website"},"datePublished":"2020-06-05T13:38:46+00:00","dateModified":"2020-12-15T09:57:09+00:00","description":"Cookies policy: informativa relativa alle tipologie e utilizzo dei cookie sul nostro sito di BlueFarm s.r.l. - Spin off SME Ca\u2019 Foscari University Venice.","breadcrumb":{"@id":"https:\/\/www.bluefarmenvironment.com\/en\/cookies-policy\/#breadcrumb"},"inLanguage":"en-US","potentialAction":[{"@type":"ReadAction","target":["https:\/\/www.bluefarmenvironment.com\/en\/cookies-policy\/"]}]},{"@type":"BreadcrumbList","@id":"https:\/\/www.bluefarmenvironment.com\/en\/cookies-policy\/#breadcrumb","itemListElement":[{"@type":"ListItem","position":1,"name":"Home","item":"https:\/\/www.bluefarmenvironment.com\/en\/"},{"@type":"ListItem","position":2,"name":"Cookies policy"}]},{"@type":"WebSite","@id":"https:\/\/www.bluefarmenvironment.com\/en\/#website","url":"https:\/\/www.bluefarmenvironment.com\/en\/","name":"Bluefarm","description":"Environment","potentialAction":[{"@type":"SearchAction","target":{"@type":"EntryPoint","urlTemplate":"https:\/\/www.bluefarmenvironment.com\/en\/?s={search_term_string}"},"query-input":{"@type":"PropertyValueSpecification","valueRequired":true,"valueName":"search_term_string"}}],"inLanguage":"en-US"}]}},"_links":{"self":[{"href":"https:\/\/www.bluefarmenvironment.com\/en\/wp-json\/wp\/v2\/pages\/5909"}],"collection":[{"href":"https:\/\/www.bluefarmenvironment.com\/en\/wp-json\/wp\/v2\/pages"}],"about":[{"href":"https:\/\/www.bluefarmenvironment.com\/en\/wp-json\/wp\/v2\/types\/page"}],"author":[{"embeddable":true,"href":"https:\/\/www.bluefarmenvironment.com\/en\/wp-json\/wp\/v2\/users\/3"}],"replies":[{"embeddable":true,"href":"https:\/\/www.bluefarmenvironment.com\/en\/wp-json\/wp\/v2\/comments?post=5909"}],"version-history":[{"count":1,"href":"https:\/\/www.bluefarmenvironment.com\/en\/wp-json\/wp\/v2\/pages\/5909\/revisions"}],"predecessor-version":[{"id":5913,"href":"https:\/\/www.bluefarmenvironment.com\/en\/wp-json\/wp\/v2\/pages\/5909\/revisions\/5913"}],"wp:attachment":[{"href":"https:\/\/www.bluefarmenvironment.com\/en\/wp-json\/wp\/v2\/media?parent=5909"}],"curies":[{"name":"wp","href":"https:\/\/api.w.org\/{rel}","templated":true}]}}