{"id":5907,"date":"2020-06-05T13:40:45","date_gmt":"2020-06-05T13:40:45","guid":{"rendered":"https:\/\/www.bluefarmenvironment.com\/privacy-policy\/"},"modified":"2020-12-15T09:57:07","modified_gmt":"2020-12-15T09:57:07","slug":"privacy-policy","status":"publish","type":"page","link":"https:\/\/www.bluefarmenvironment.com\/en\/privacy-policy\/","title":{"rendered":"Privacy Policy"},"content":{"rendered":"<p>[et_pb_section fb_built=&#8221;1&#8243; admin_label=&#8221;FAQ Section&#8221; _builder_version=&#8221;4.4.8&#8243;][et_pb_row admin_label=&#8221;Text Area&#8221; _builder_version=&#8221;3.25&#8243; custom_padding=&#8221;20px|||&#8221; use_custom_width=&#8221;on&#8221;][et_pb_column type=&#8221;4_4&#8243; _builder_version=&#8221;3.25&#8243; custom_padding=&#8221;|||&#8221; custom_padding__hover=&#8221;|||&#8221;][et_pb_text admin_label=&#8221;Title&#8221; _builder_version=&#8221;3.27.4&#8243; text_font=&#8221;||||||||&#8221; header_font=&#8221;||||||||&#8221; header_2_font=&#8221;||||||||&#8221; header_2_text_align=&#8221;center&#8221; custom_margin=&#8221;||5px|&#8221; animation_style=&#8221;fold&#8221; animation_direction=&#8221;bottom&#8221; animation_intensity_fold=&#8221;20%&#8221; animation_starting_opacity=&#8221;100%&#8221; border_width_bottom=&#8221;1px&#8221; border_color_bottom=&#8221;#ededed&#8221;]<\/p>\n<h2>Privacy policy<\/h2>\n<p>[\/et_pb_text][\/et_pb_column][\/et_pb_row][et_pb_row admin_label=&#8221;FAQ&#8221; _builder_version=&#8221;4.4.8&#8243; custom_margin=&#8221;|||&#8221; custom_padding=&#8221;|||&#8221;][et_pb_column type=&#8221;4_4&#8243; _builder_version=&#8221;3.25&#8243; custom_padding=&#8221;|||&#8221; custom_padding__hover=&#8221;|||&#8221;][et_pb_text admin_label=&#8221;FAQ&#8221; _builder_version=&#8221;4.4.8&#8243; text_font=&#8221;||||||||&#8221; header_font=&#8221;||||||||&#8221; header_2_font=&#8221;||||||||&#8221; header_3_font=&#8221;||||||||&#8221; background_color=&#8221;#f5f5f5&#8243; module_alignment=&#8221;center&#8221; custom_margin=&#8221;|||&#8221; animation_style=&#8221;fold&#8221; animation_direction=&#8221;bottom&#8221; animation_intensity_fold=&#8221;20%&#8221; animation_starting_opacity=&#8221;100%&#8221; border_width_all=&#8221;28px&#8221; border_color_all=&#8221;#f7f7f7&#8243; locked=&#8221;off&#8221;]<\/p>\n<h4>Privacy policy &#8211; Informativa per il trattamento dei dati personali<\/h4>\n<p class=\"p1\">Ai sensi dell\u2019articolo 13 del D.Lgs. 196\/2003 definito \u201cCodice in materia di dati personali\u201d si informa che il trattamento dei dati personali, finalizzato unicamente a fornire informazioni commerciali sui nostri servizi per adempiere a Sue specifiche richieste, avverr\u00e0 presso BlueFarm s.r.l. con sede al Centro VEGA ed. Pegaso in Via delle Industrie, 13 &#8211; 30175 Marghera (VE), di seguito definito Titolare, con l\u2019utilizzo di procedure anche informatizzate, nei modi e nei limiti necessari per perseguire le predette finalit\u00e0. I dati fornitici saranno trattati nel rispetto della norma sopra richiamata, rispondendo agli obblighi di riservatezza e liceit\u00e0 a cui \u00e8 ispirata la nostra societ\u00e0 e per il tempo strettamente necessario per cui sono stati raccolti; inoltre i dati non saranno oggetto di diffusione. I Vostri dati, per motivi strettamente professionali e allo scopo di svolgere al meglio il nostro servizio, potranno essere comunicati a nostri collaboratori interni o esterni comunque da noi incaricati per la soddisfazione delle richieste.<\/p>\n<p class=\"p1\">Il conferimento dei dati \u00e8 obbligatorio per l\u2019esatta esecuzione degli obblighi contrattuali e precontrattuali, e la loro mancata indicazione comporta l\u2019impossibilit\u00e0 di portare a termine in maniera esatta l\u2019adempimento delle richieste, oltre che l\u2019impossibilit\u00e0 di essere tempestivamente aggiornati sui nuovi prodotti e servizi offerti dalla nostra societ\u00e0.<\/p>\n<p class=\"p1\">Il Sito pu\u00f2 contenere collegamenti testuali (i \u201clink\u201d) ad altri siti web esterni che non dipendono dal Sito medesimo n\u00e9 sono in alcun modo riconducibili allo stesso. I siti ai quali rimandano tali collegamenti non sono sotto il controllo di BlueFarm s.r.l. a parte con la conseguenza che BlueFarm s.r.l. non controlla n\u00e9 compie operazioni di monitoraggio su tali siti web, sui loro contenuti e sulle loro regole. BlueFarm s.r.l. non \u00e8 pertanto responsabile del contenuto di tali siti esterni, n\u00e8 del funzionamento o di eventuali altri collegamenti in essi presenti o di eventuali aggiornamenti degli stessi, n\u00e9 del pari \u00e8 responsabile di eventuali pubblicazioni su web o di qualsiasi altra forma di trasmissione ricevuta da altri siti collegati.<\/p>\n<p class=\"p1\">BlueFarm s.r.l. pu\u00f2 fornire questi collegamenti solo per motivi di praticit\u00e0\/comodit\u00e0 dell\u2019utente.<\/p>\n<p>[\/et_pb_text][et_pb_text admin_label=&#8221;FAQ&#8221; _builder_version=&#8221;4.4.8&#8243; text_font=&#8221;||||||||&#8221; header_font=&#8221;||||||||&#8221; header_2_font=&#8221;||||||||&#8221; header_3_font=&#8221;||||||||&#8221; background_color=&#8221;#f5f5f5&#8243; module_alignment=&#8221;center&#8221; custom_margin=&#8221;|||&#8221; animation_style=&#8221;fold&#8221; animation_direction=&#8221;bottom&#8221; animation_intensity_fold=&#8221;20%&#8221; animation_starting_opacity=&#8221;100%&#8221; border_width_all=&#8221;28px&#8221; border_color_all=&#8221;#f7f7f7&#8243; locked=&#8221;off&#8221;]<\/p>\n<h4>Limitazioni di responsabilit\u00e0<\/h4>\n<p class=\"p1\">L\u2019utente prende atto e comunque conviene che il proprio accesso al Sito e la navigazione sullo stesso sono interamente a suo rischio e sotto la sua esclusiva responsabilit\u00e0. L\u2019utente prende inoltre atto e comunque conviene che il Sito \u00e8 fornito \u201ccome \u00e8\u201d e \u201ccome disponibile\u201d e che potrebbe essere temporaneamente inaccessibile o comunque contenere difetti ovvero essere soggetto a sospensioni o a ritardi nell\u2019aggiornamento.<\/p>\n<p class=\"p1\">BlueFarm s.r.l. non sar\u00e0 responsabile di alcuna perdita o danno derivante o in qualunque modo collegato all\u2019uso o al funzionamento del Sito, ivi compresi \u2013 senza limitazione alcuna \u2013 danni per perdita di affari, perdita di utili, interruzione dell\u2019attivit\u00e0, perdita di informazioni commerciali e\/o qualsiasi altro tipo di perdita pecuniaria.<\/p>\n<p class=\"p1\">Nessuna responsabilit\u00e0 viene assunta da BlueFarm s.r.l. in merito al contenuto di quanto pubblicato sul Sito ed all\u2019uso dello stesso contenuto da parte degli Utenti e di terzi, n\u00e9 in merito ad eventuali contaminazioni informatiche derivanti dall\u2019accesso al Sito, dalla connessione con lo stesso e dal download di contenuti. Pertanto BlueFarm s.r.l. non sar\u00e0 in alcun modo tenuta, per nessun titolo, a rispondere in ordine a danni, perdite, pregiudizi di alcun genere eventualmente subiti dagli Utenti, dai terzi e dai software dagli stessi utilizzati, a causa o in seguito alla connessione con il Sito o all\u2019utilizzo dei suoi contenuti.<\/p>\n<p class=\"p1\">Agli interessati sono riconosciuti i diritti di cui all\u2019articolo 7 del citato Codice, il cui testo \u00e8 integralmente riportato in calce alla presente informativa<\/p>\n<p>[\/et_pb_text][et_pb_text admin_label=&#8221;FAQ&#8221; _builder_version=&#8221;4.4.8&#8243; text_font=&#8221;||||||||&#8221; header_font=&#8221;||||||||&#8221; header_2_font=&#8221;||||||||&#8221; header_3_font=&#8221;||||||||&#8221; background_color=&#8221;#f5f5f5&#8243; module_alignment=&#8221;center&#8221; custom_margin=&#8221;|||&#8221; animation_style=&#8221;fold&#8221; animation_direction=&#8221;bottom&#8221; animation_intensity_fold=&#8221;20%&#8221; animation_starting_opacity=&#8221;100%&#8221; border_width_all=&#8221;28px&#8221; border_color_all=&#8221;#f7f7f7&#8243; locked=&#8221;off&#8221;]<\/p>\n<h4>Art. 7 Diritti dell\u2019interessato<\/h4>\n<p class=\"p1\">1. L\u2019interessato ha diritto di ottenere la conferma dell\u2019esistenza o meno di dati personali che lo riguardano, anche se non ancora registrati, e la loro comunicazione in forma intelligibile.<\/p>\n<p class=\"p1\">2. L\u2019interessato ha diritto di ottenere l\u2019indicazione:<\/p>\n<p class=\"p1\">a. dell\u2019origine dei dati personali;<\/p>\n<p class=\"p1\">b. delle finalit\u00e0 e modalit\u00e0 del trattamento;<\/p>\n<p class=\"p1\">c. della logica applicata in caso di trattamento effettuato con l\u2019ausilio di strumenti elettronici;<\/p>\n<p class=\"p1\">d. degli estremi identificativi del titolare, dei responsabili e del rappresentante designato ai sensi dell\u2019art.5 comma 2;<\/p>\n<p class=\"p1\">e. dei soggetti o delle categorie di soggetti ai quali i dati personali possono essere comunicati o che possono venirne a conoscenza in qualit\u00e0 di rappresentante designato nel territorio dello Stato, di responsabili o incaricati.<\/p>\n<p class=\"p1\">3. L\u2019interessato ha diritto di ottenere:<\/p>\n<p class=\"p1\">a. l\u2019aggiornamento, la rettificazione ovvero, quando vi ha interesse, l\u2019integrazione dei dati;<\/p>\n<p class=\"p1\">b. la cancellazione, la trasformazione in forma anonima o il blocco dei dati trattati in violazione di legge, compresi quelli di cui non \u00e8 necessaria la conservazione in relazione agli scopi per i quali i dati sono stati raccolti o successivamente trattati;<\/p>\n<p class=\"p1\">c. l\u2019attestazione che le operazioni di cui alle lettere a) e b) sono state portate a conoscenza, anche per quanto riguarda il loro contenuto, di coloro ai quali i dati sono stati comunicati o diffusi, eccettuato il caso in cui tale adempimento si rivela impossibile o comporta un impiego di mezzi manifestamente sproporzionato rispetto al diritto tutelato.<\/p>\n<p class=\"p1\">4. L\u2019interessato ha diritto di opporsi, in tutto o in parte:<\/p>\n<p class=\"p1\">a. per motivi legittimi al trattamento dei dati personali che lo riguardano, ancorch\u00e9 pertinenti allo scopo della raccolta;<\/p>\n<p class=\"p1\">b. al trattamento di dati personali che lo riguardano a fini di invio di materiale pubblicitario o di vendita diretta o per il compimento di ricerche di mercato o di comunicazione commerciale.<\/p>\n<p>[\/et_pb_text][\/et_pb_column][\/et_pb_row][\/et_pb_section][et_pb_section fb_built=&#8221;1&#8243; prev_background_color=&#8221;#ffffff&#8221; admin_label=&#8221;Sponsors&#8221; _builder_version=&#8221;4.4.8&#8243; background_color=&#8221;#83b816&#8243; background_enable_image=&#8221;off&#8221; custom_padding=&#8221;2vw||2vw||true|false&#8221; top_divider_style=&#8221;waves2&#8243; top_divider_repeat=&#8221;0.5x&#8221; global_module=&#8221;361&#8243; saved_tabs=&#8221;all&#8221; locked=&#8221;off&#8221; collapsed=&#8221;off&#8221;][et_pb_row _builder_version=&#8221;4.4.8&#8243;][et_pb_column type=&#8221;4_4&#8243; _builder_version=&#8221;4.4.8&#8243;][et_pb_divider show_divider=&#8221;off&#8221; _builder_version=&#8221;4.4.8&#8243; custom_margin=&#8221;2%||2%||true|false&#8221;][\/et_pb_divider][\/et_pb_column][\/et_pb_row][\/et_pb_section]<\/p>\n","protected":false},"excerpt":{"rendered":"<p>Privacy policyPrivacy policy &#8211; Informativa per il trattamento dei dati personali Ai sensi dell\u2019articolo 13 del D.Lgs. 196\/2003 definito \u201cCodice in materia di dati personali\u201d si informa che il trattamento dei dati personali, finalizzato unicamente a fornire informazioni commerciali sui nostri servizi per adempiere a Sue specifiche richieste, avverr\u00e0 presso BlueFarm s.r.l. con sede al [&hellip;]<\/p>\n","protected":false},"author":3,"featured_media":0,"parent":0,"menu_order":0,"comment_status":"closed","ping_status":"closed","template":"","meta":{"_et_pb_use_builder":"on","_et_pb_old_content":"","_et_gb_content_width":"","footnotes":""},"class_list":["post-5907","page","type-page","status-publish","hentry"],"yoast_head":"<!-- This site is optimized with the Yoast SEO plugin v23.4 - https:\/\/yoast.com\/wordpress\/plugins\/seo\/ -->\n<title>Privacy Policy - Bluefarm<\/title>\n<meta name=\"description\" content=\"Privacy policy \u2013 Informativa per il trattamento dei dati personali di BlueFarm s.r.l. - Centro VEGA ed. Pegaso in Via delle Industrie, 13 \u2013 30175 Marghera.\" \/>\n<meta name=\"robots\" content=\"index, follow, max-snippet:-1, max-image-preview:large, max-video-preview:-1\" \/>\n<link rel=\"canonical\" href=\"https:\/\/www.bluefarmenvironment.com\/en\/privacy-policy\/\" \/>\n<meta property=\"og:locale\" content=\"en_US\" \/>\n<meta property=\"og:type\" content=\"article\" \/>\n<meta property=\"og:title\" content=\"Privacy Policy - Bluefarm\" \/>\n<meta property=\"og:description\" content=\"Privacy policy \u2013 Informativa per il trattamento dei dati personali di BlueFarm s.r.l. - Centro VEGA ed. Pegaso in Via delle Industrie, 13 \u2013 30175 Marghera.\" \/>\n<meta property=\"og:url\" content=\"https:\/\/www.bluefarmenvironment.com\/en\/privacy-policy\/\" \/>\n<meta property=\"og:site_name\" content=\"Bluefarm\" \/>\n<meta property=\"article:modified_time\" content=\"2020-12-15T09:57:07+00:00\" \/>\n<meta name=\"twitter:card\" content=\"summary_large_image\" \/>\n<meta name=\"twitter:label1\" content=\"Est. reading time\" \/>\n\t<meta name=\"twitter:data1\" content=\"6 minutes\" \/>\n<script type=\"application\/ld+json\" class=\"yoast-schema-graph\">{\"@context\":\"https:\/\/schema.org\",\"@graph\":[{\"@type\":\"WebPage\",\"@id\":\"https:\/\/www.bluefarmenvironment.com\/en\/privacy-policy\/\",\"url\":\"https:\/\/www.bluefarmenvironment.com\/en\/privacy-policy\/\",\"name\":\"Privacy Policy - Bluefarm\",\"isPartOf\":{\"@id\":\"https:\/\/www.bluefarmenvironment.com\/en\/#website\"},\"datePublished\":\"2020-06-05T13:40:45+00:00\",\"dateModified\":\"2020-12-15T09:57:07+00:00\",\"description\":\"Privacy policy \u2013 Informativa per il trattamento dei dati personali di BlueFarm s.r.l. - Centro VEGA ed. Pegaso in Via delle Industrie, 13 \u2013 30175 Marghera.\",\"breadcrumb\":{\"@id\":\"https:\/\/www.bluefarmenvironment.com\/en\/privacy-policy\/#breadcrumb\"},\"inLanguage\":\"en-US\",\"potentialAction\":[{\"@type\":\"ReadAction\",\"target\":[\"https:\/\/www.bluefarmenvironment.com\/en\/privacy-policy\/\"]}]},{\"@type\":\"BreadcrumbList\",\"@id\":\"https:\/\/www.bluefarmenvironment.com\/en\/privacy-policy\/#breadcrumb\",\"itemListElement\":[{\"@type\":\"ListItem\",\"position\":1,\"name\":\"Home\",\"item\":\"https:\/\/www.bluefarmenvironment.com\/en\/\"},{\"@type\":\"ListItem\",\"position\":2,\"name\":\"Privacy Policy\"}]},{\"@type\":\"WebSite\",\"@id\":\"https:\/\/www.bluefarmenvironment.com\/en\/#website\",\"url\":\"https:\/\/www.bluefarmenvironment.com\/en\/\",\"name\":\"Bluefarm\",\"description\":\"Environment\",\"potentialAction\":[{\"@type\":\"SearchAction\",\"target\":{\"@type\":\"EntryPoint\",\"urlTemplate\":\"https:\/\/www.bluefarmenvironment.com\/en\/?s={search_term_string}\"},\"query-input\":{\"@type\":\"PropertyValueSpecification\",\"valueRequired\":true,\"valueName\":\"search_term_string\"}}],\"inLanguage\":\"en-US\"}]}<\/script>\n<!-- \/ Yoast SEO plugin. -->","yoast_head_json":{"title":"Privacy Policy - Bluefarm","description":"Privacy policy \u2013 Informativa per il trattamento dei dati personali di BlueFarm s.r.l. - Centro VEGA ed. Pegaso in Via delle Industrie, 13 \u2013 30175 Marghera.","robots":{"index":"index","follow":"follow","max-snippet":"max-snippet:-1","max-image-preview":"max-image-preview:large","max-video-preview":"max-video-preview:-1"},"canonical":"https:\/\/www.bluefarmenvironment.com\/en\/privacy-policy\/","og_locale":"en_US","og_type":"article","og_title":"Privacy Policy - Bluefarm","og_description":"Privacy policy \u2013 Informativa per il trattamento dei dati personali di BlueFarm s.r.l. - Centro VEGA ed. Pegaso in Via delle Industrie, 13 \u2013 30175 Marghera.","og_url":"https:\/\/www.bluefarmenvironment.com\/en\/privacy-policy\/","og_site_name":"Bluefarm","article_modified_time":"2020-12-15T09:57:07+00:00","twitter_card":"summary_large_image","twitter_misc":{"Est. reading time":"6 minutes"},"schema":{"@context":"https:\/\/schema.org","@graph":[{"@type":"WebPage","@id":"https:\/\/www.bluefarmenvironment.com\/en\/privacy-policy\/","url":"https:\/\/www.bluefarmenvironment.com\/en\/privacy-policy\/","name":"Privacy Policy - Bluefarm","isPartOf":{"@id":"https:\/\/www.bluefarmenvironment.com\/en\/#website"},"datePublished":"2020-06-05T13:40:45+00:00","dateModified":"2020-12-15T09:57:07+00:00","description":"Privacy policy \u2013 Informativa per il trattamento dei dati personali di BlueFarm s.r.l. - Centro VEGA ed. Pegaso in Via delle Industrie, 13 \u2013 30175 Marghera.","breadcrumb":{"@id":"https:\/\/www.bluefarmenvironment.com\/en\/privacy-policy\/#breadcrumb"},"inLanguage":"en-US","potentialAction":[{"@type":"ReadAction","target":["https:\/\/www.bluefarmenvironment.com\/en\/privacy-policy\/"]}]},{"@type":"BreadcrumbList","@id":"https:\/\/www.bluefarmenvironment.com\/en\/privacy-policy\/#breadcrumb","itemListElement":[{"@type":"ListItem","position":1,"name":"Home","item":"https:\/\/www.bluefarmenvironment.com\/en\/"},{"@type":"ListItem","position":2,"name":"Privacy Policy"}]},{"@type":"WebSite","@id":"https:\/\/www.bluefarmenvironment.com\/en\/#website","url":"https:\/\/www.bluefarmenvironment.com\/en\/","name":"Bluefarm","description":"Environment","potentialAction":[{"@type":"SearchAction","target":{"@type":"EntryPoint","urlTemplate":"https:\/\/www.bluefarmenvironment.com\/en\/?s={search_term_string}"},"query-input":{"@type":"PropertyValueSpecification","valueRequired":true,"valueName":"search_term_string"}}],"inLanguage":"en-US"}]}},"_links":{"self":[{"href":"https:\/\/www.bluefarmenvironment.com\/en\/wp-json\/wp\/v2\/pages\/5907"}],"collection":[{"href":"https:\/\/www.bluefarmenvironment.com\/en\/wp-json\/wp\/v2\/pages"}],"about":[{"href":"https:\/\/www.bluefarmenvironment.com\/en\/wp-json\/wp\/v2\/types\/page"}],"author":[{"embeddable":true,"href":"https:\/\/www.bluefarmenvironment.com\/en\/wp-json\/wp\/v2\/users\/3"}],"replies":[{"embeddable":true,"href":"https:\/\/www.bluefarmenvironment.com\/en\/wp-json\/wp\/v2\/comments?post=5907"}],"version-history":[{"count":1,"href":"https:\/\/www.bluefarmenvironment.com\/en\/wp-json\/wp\/v2\/pages\/5907\/revisions"}],"predecessor-version":[{"id":5910,"href":"https:\/\/www.bluefarmenvironment.com\/en\/wp-json\/wp\/v2\/pages\/5907\/revisions\/5910"}],"wp:attachment":[{"href":"https:\/\/www.bluefarmenvironment.com\/en\/wp-json\/wp\/v2\/media?parent=5907"}],"curies":[{"name":"wp","href":"https:\/\/api.w.org\/{rel}","templated":true}]}}